{"id":5238,"date":"2024-07-12T13:55:55","date_gmt":"2024-07-12T11:55:55","guid":{"rendered":"https:\/\/flusskrebse.nextron.org\/datenschutzerklaerung\/"},"modified":"2024-07-12T14:28:22","modified_gmt":"2024-07-12T12:28:22","slug":"datenschutzerklaerung","status":"publish","type":"page","link":"https:\/\/www.kfks.ch\/fr\/datenschutzerklaerung\/","title":{"rendered":"D\u00e9claration de confidentialit\u00e9"},"content":{"rendered":"<div id=\"pl-5238\"  class=\"panel-layout\" ><div id=\"pg-5238-0\"  class=\"panel-grid panel-no-style\" ><div id=\"pgc-5238-0-0\"  class=\"panel-grid-cell\" >\r\n\r\n<div class=\"desktop-max-width \">\r\n\r\n<h3>1. Les cat\u00e9gories de donn\u00e9es personnelles et les personnes concern\u00e9es<\/h3>\n\n<p>Les donn\u00e9es personnelles que nous collectons comprennent votre nom, votre adresse e-mail et des informations facultatives que vous transmettez via un formulaire web.<\/p>\n\n<h3><br \/>\n2. La nature et le but de la communication des donn\u00e9es personnelles<\/h3>\n\n<p>Nous traitons les informations contenues dans les communications que vous nous envoyez ou qui s'y rapportent. Cela inclut le contenu des messages et les donn\u00e9es personnelles associ\u00e9es \u00e0 la communication, qui sont collect\u00e9es dans le but de communiquer avec les utilisateurs et les clients.<\/p>\n\n<p>Ces informations ne sont pas communiqu\u00e9es \u00e0 des tiers.<\/p>\n\n<h4><br \/>\nFichiers journaux du serveur<\/h4>\n\n<p>Notre serveur enregistre automatiquement des informations dans ce que l'on appelle des fichiers journaux du serveur, que votre navigateur nous transmet automatiquement. Ce sont :<\/p>\n\n<p>\u2022 le type et la version du navigateur<br \/>\n\u2022 le syst\u00e8me d'exploitation utilis\u00e9<br \/>\n\u2022 l'URL de r\u00e9f\u00e9rence<br \/>\n\u2022 le nom d'h\u00f4te de l'ordinateur acc\u00e9dant<br \/>\n\u2022 l'heure de la demande du serveur<\/p>\n\n<p>L'adresse IP Aucun regroupement de ces donn\u00e9es avec d'autres sources de donn\u00e9es n'est effectu\u00e9.<\/p>\n\n<h4><br \/>\nCookies<\/h4>\n\n<p>Les pages Internet utilisent souvent ce que l'on appelle des cookies. Les cookies sont de petits fichiers texte qui sont d\u00e9pos\u00e9s sur votre ordinateur et que votre navigateur enregistre ; ils ne causent aucun dommage \u00e0 votre ordinateur et ne contiennent aucun virus, mais servent \u00e0 rendre notre offre plus conviviale, plus efficace et plus s\u00fbre.<\/p>\n\n<p>La plupart des cookies que nous utilisons sont des <span style=\"font-size:12.0pt\">\u00ab <\/span>cookies de session&nbsp;<span style=\"font-size:12.0pt\">\u00bb<\/span> qui sont automatiquement supprim\u00e9s \u00e0 la fin de votre visite. D'autres cookies restent enregistr\u00e9s sur votre terminal jusqu'\u00e0 ce que vous les supprimiez. Ces cookies nous permettent de reconna\u00eetre votre navigateur lors de votre prochaine visite.<\/p>\n\n<p>Vous pouvez configurer votre navigateur de mani\u00e8re \u00e0 \u00eatre inform\u00e9 de l'installation de cookies et \u00e0 n'autoriser les cookies qu'au cas par cas, \u00e0 exclure l'acceptation de cookies dans certains cas ou de mani\u00e8re g\u00e9n\u00e9rale, et \u00e0 activer la suppression automatique des cookies \u00e0 la fermeture du navigateur. En cas de d\u00e9sactivation des cookies, la fonctionnalit\u00e9 de ce site web peut \u00eatre limit\u00e9e.<\/p>\n\n<h4><br \/>\nCookies fonctionnels - toujours actifs<\/h4>\n\n<p>Ces cookies sont n\u00e9cessaires pour les fonctions de base et sont donc automatiquement enregistr\u00e9s lorsque vous consultez nos sites web. Ces cookies enregistrent vos pr\u00e9f\u00e9rences lorsque vous utilisez nos sites web. Ils sont \u00e9galement utilis\u00e9s pour r\u00e9partir la charge de travail de nos serveurs afin de maintenir notre site web disponible, ainsi qu'\u00e0 des fins de s\u00e9curit\u00e9. Aucun consentement n'est n\u00e9cessaire pour l'utilisation de cookies fonctionnels, qui permettent d'utiliser les fonctions de base du site.<\/p>\n\n<h4><br \/>\nCookies d'analyse - inactif (actif uniquement en cas d'accord)<\/h4>\n\n<p>Ces cookies sont utilis\u00e9s pour collecter des donn\u00e9es sur la mani\u00e8re dont les visiteurs utilisent notre site web. Il s'agit notamment d'informations sur les pages les plus visit\u00e9es et le nombre de messages d'erreur affich\u00e9s. Les cookies d'analyse nous permettent d'\u00e9tablir des statistiques d'utilisation de nos sites web. Ces cookies nous aident \u00e0 am\u00e9liorer nos sites web.<\/p>\n\n<h4><br \/>\nCookies marketing - inactif (actif uniquement en cas de consentement)<\/h4>\n\n<p>Ces cookies sont g\u00e9n\u00e9ralement plac\u00e9s sur les sites web par des partenaires de marketing, des r\u00e9seaux publicitaires et des m\u00e9dias sociaux. Ces tiers agissent en tant qu'interm\u00e9diaires pour vous pr\u00e9senter nos contenus, actualit\u00e9s, offres, publications sur les m\u00e9dias sociaux et publicit\u00e9s. Ces fournisseurs tiers collectent \u00e9galement des donn\u00e9es via nos sites web \u00e0 l'aide de leurs cookies. Le traitement de ces donn\u00e9es est soumis aux politiques de confidentialit\u00e9 de ces fournisseurs tiers.<\/p>\n\n<p>Cliquez ici pour d\u00e9finir votre pr\u00e9f\u00e9rence en mati\u00e8re de cookies<\/p>\n\n<h4><br \/>\nnextron Web Analytics<\/h4>\n\n<p>Ce site web utilise les statistiques web nextron Web Analytics. nextron Web Analytics est une alternative gratuite \u00e0 Google Analytics, bas\u00e9e en Suisse. nextron Web Analytics n'utilise pas de cookies et n'enregistre pas la partie arri\u00e8re de l'adresse IP. Cela garantit l'anonymat de l'utilisateur. Toutes les donn\u00e9es sont en outre h\u00e9berg\u00e9es en Suisse.<\/p>\n\n<p>Vous trouverez plus d'informations sur <a href=\"http:\/\/analytics.nextron.ch\">analytics.nextron.ch<\/a> - l'alternative suisse \u00e0 Google Analytics<\/p>\n\n<h4><br \/>\nGoogle Web Fonts<\/h4>\n\n<p>Ce site utilise les polices web de Google pour l'affichage uniforme des polices de caract\u00e8res. Celles-ci sont stock\u00e9es localement, il n'y a donc pas d'\u00e9change de donn\u00e9es.<\/p>\n\n<h4><br \/>\nGoogle Maps<\/h4>\n\n<p>Ce site web utilise l'offre de Google Maps. Cela nous permet d'afficher des cartes interactives directement sur le site web et de vous permettre d'utiliser confortablement la fonction de carte. En visitant le site web, Google re\u00e7oit l'information que vous avez consult\u00e9 la sous-page correspondante de notre site web. Cela se produit ind\u00e9pendamment du fait que Google mette \u00e0 disposition un compte d'utilisateur par lequel vous \u00eates connect\u00e9 ou qu'il n'y ait pas de compte d'utilisateur. Si vous \u00eates connect\u00e9 \u00e0 Google, vos donn\u00e9es sont directement attribu\u00e9es \u00e0 votre compte. Si vous ne souhaitez pas que votre profil soit associ\u00e9 \u00e0 Google, vous devez vous d\u00e9connecter avant d'activer le bouton. Google enregistre vos donn\u00e9es en tant que profils d'utilisation et les utilise \u00e0 des fins de publicit\u00e9, d'\u00e9tude de march\u00e9 et\/ou de conception de son site Web en fonction des besoins. Une telle \u00e9valuation a lieu en particulier (\u00e9galement pour les utilisateurs non connect\u00e9s) pour fournir une publicit\u00e9 adapt\u00e9e aux besoins et pour informer d'autres utilisateurs du r\u00e9seau social de vos activit\u00e9s sur notre site web. Vous avez le droit de vous opposer \u00e0 la cr\u00e9ation de ces profils d'utilisateurs, sachant que vous devez vous adresser \u00e0 Google pour exercer ce droit.<\/p>\n\n<p>Vous trouverez de plus amples informations sur l'objectif et l'\u00e9tendue de la collecte et du traitement des donn\u00e9es par Google ainsi que sur vos droits en la mati\u00e8re et les possibilit\u00e9s de param\u00e9trage pour prot\u00e9ger votre vie priv\u00e9e \u00e0 l'adresse suivante : <a href=\"http:\/\/www.google.de\/intl\/fr\/policies\/privacy\">www.google.de\/intl\/de\/policies\/privacy<\/a>.<\/p>\n\n<h4><br \/>\nGoogle TagManager<\/h4>\n\n<p>Le Google Tag Manager est une solution qui nous permet de g\u00e9rer, via une interface, ce que l'on appelle les tags de site web et d'int\u00e9grer ainsi, par exemple, Google Analytics et d'autres services de marketing Google dans notre offre en ligne. Le gestionnaire de balises lui-m\u00eame, qui met en \u0153uvre les balises, ne traite pas les donn\u00e9es \u00e0 caract\u00e8re personnel des utilisateurs.<\/p>\n\n<p>En ce qui concerne le traitement des donn\u00e9es \u00e0 caract\u00e8re personnel des utilisateurs, nous renvoyons aux informations suivantes sur les services Google. Politique d'utilisation:https:\/\/www.google.com\/intl\/de...<\/p>\n\n<h3><br \/>\n3. Communication \u00e0 l'\u00e9tranger : nom de l'\u00c9tat ou de l'organisation internationale<\/h3>\n\n<p>Ce n'est qu'avec l'accord de la personne concern\u00e9e que les services externes mentionn\u00e9s au point 2, comme Google par exemple, sont communiqu\u00e9s aux \u00c9tats-Unis.<\/p>\n\n<h3><br \/>\n4. exigences en mati\u00e8re de conservation, d'effacement et de destruction<\/h3>\n\n<p>Toutes les donn\u00e9es personnelles que nous collectons sont rendues anonymes ou supprim\u00e9es d\u00e8s qu'elles ne sont plus n\u00e9cessaires au traitement.<\/p>\n\n<h3><br \/>\n5. Destinataires des donn\u00e9es personnelles<\/h3>\n\n<p>Vos donn\u00e9es personnelles ne sont communiqu\u00e9es par nous en Suisse qu'au sein de nextron.<\/p>\n\n<p>Ce n'est qu'avec l'accord de la personne concern\u00e9e que des services externes, comme Google, re\u00e7oivent des donn\u00e9es personnelles.<\/p>\n\n<h3><br \/>\n6. Mesures visant \u00e0 garantir la s\u00e9curit\u00e9 des donn\u00e9es<\/h3>\n\n<p>nextron s'assure, par le biais de contr\u00f4les d'acc\u00e8s et d'utilisateurs, que la confidentialit\u00e9 des donn\u00e9es \u00e0 caract\u00e8re personnel est garantie.<\/p>\n\n<p>Par ailleurs, l'int\u00e9grit\u00e9 des donn\u00e9es personnelles est garantie par les contr\u00f4les des supports de donn\u00e9es, du stockage et du transport. M\u00eame en cas d'incident technique ou physique, les donn\u00e9es peuvent \u00eatre r\u00e9cup\u00e9r\u00e9es rapidement.<\/p>\n\n<p>Nos syst\u00e8mes et programmes d'application sont \u00e0 la pointe de la s\u00e9curit\u00e9 et toutes les failles critiques connues - OWASP Top 10 - ont \u00e9t\u00e9 combl\u00e9es.<\/p>\n\n<p>En ce qui concerne la tra\u00e7abilit\u00e9, celle-ci est document\u00e9e par des protocoles de saisie et de divulgation, les violations de la s\u00e9curit\u00e9 des donn\u00e9es sont d\u00e9tect\u00e9es et les cons\u00e9quences qui en d\u00e9coulent sont att\u00e9nu\u00e9es et\/ou \u00e9limin\u00e9es.<\/p>\n\n<p>&nbsp;<\/p>\n\n<h3>7. Obligation de notifier les violations de la protection des donn\u00e9es<\/h3>\n\n<p>Toutes les violations de la s\u00e9curit\u00e9 des donn\u00e9es qui entra\u00eenent un risque \u00e9lev\u00e9 pour la personnalit\u00e9 ou les droits fondamentaux de la personne concern\u00e9e sont signal\u00e9es par nos soins au Pr\u00e9pos\u00e9 f\u00e9d\u00e9ral \u00e0 la protection des donn\u00e9es et \u00e0 la transparence (PFPDT).<\/p>\n\n<p>Vous avez constat\u00e9 une violation de la s\u00e9curit\u00e9 des donn\u00e9es ? Veuillez nous contacter imm\u00e9diatement sur <a href=\"mailto:datenschutz@nextron.ch\">datenschutz@nextron.ch<\/a><\/p>\n\n<h3><br \/>\n8. Droits des personnes concern\u00e9es<\/h3>\n\n<p>Vous souhaitez savoir si des donn\u00e9es personnelles vous concernant sont trait\u00e9es par nos soins ? Vous nous avez communiqu\u00e9 des donn\u00e9es personnelles et souhaitez les corriger, les effacer ou les d\u00e9truire, ou vous opposer \u00e0 leur communication ?<\/p>\n\n<p>Contactez-nous via <a href=\"mailto:datenschutz@nextron.ch\">datenschutz@nextron.ch<\/a><\/p>\n\n<h3><br \/>\n9. Liens vers d'autres sites web<\/h3>\n\n<p>Notre site web contient des liens vers diff\u00e9rents sites externes qui peuvent fournir des informations utiles \u00e0 nos visiteurs. La pr\u00e9sente d\u00e9claration de confidentialit\u00e9 ne s'applique pas \u00e0 ces sites et nous vous recommandons de contacter directement les sites externes pour conna\u00eetre leur politique de confidentialit\u00e9.<\/p>\n\n<p>&nbsp;<\/p>\n\n<p>&nbsp;<\/p>\n<\/div>\r\n\r\n<\/div><\/div><\/div>","protected":false},"excerpt":{"rendered":"<p>1. Les cat\u00e9gories de donn\u00e9es personnelles et les personnes concern\u00e9es Les donn\u00e9es personnelles que nous collectons comprennent votre nom, votre adresse e-mail et des informations facultatives que vous transmettez via un formulaire web. 2. La nature et le but de la communication des donn\u00e9es personnelles Nous traitons les informations contenues dans les communications que vous &hellip; <a href=\"https:\/\/www.kfks.ch\/fr\/datenschutzerklaerung\/\" class=\"more-link\">Continue reading<span class=\"screen-reader-text\"> \u00ab\u00a0D\u00e9claration de confidentialit\u00e9\u00a0\u00bb<\/span><\/a><\/p>\n","protected":false},"author":4,"featured_media":0,"parent":0,"menu_order":29,"comment_status":"closed","ping_status":"closed","template":"","meta":{"_acf_changed":false,"footnotes":""},"class_list":["post-5238","page","type-page","status-publish","hentry"],"acf":[],"_links":{"self":[{"href":"https:\/\/www.kfks.ch\/fr\/wp-json\/wp\/v2\/pages\/5238","targetHints":{"allow":["GET"]}}],"collection":[{"href":"https:\/\/www.kfks.ch\/fr\/wp-json\/wp\/v2\/pages"}],"about":[{"href":"https:\/\/www.kfks.ch\/fr\/wp-json\/wp\/v2\/types\/page"}],"author":[{"embeddable":true,"href":"https:\/\/www.kfks.ch\/fr\/wp-json\/wp\/v2\/users\/4"}],"replies":[{"embeddable":true,"href":"https:\/\/www.kfks.ch\/fr\/wp-json\/wp\/v2\/comments?post=5238"}],"version-history":[{"count":3,"href":"https:\/\/www.kfks.ch\/fr\/wp-json\/wp\/v2\/pages\/5238\/revisions"}],"predecessor-version":[{"id":5250,"href":"https:\/\/www.kfks.ch\/fr\/wp-json\/wp\/v2\/pages\/5238\/revisions\/5250"}],"wp:attachment":[{"href":"https:\/\/www.kfks.ch\/fr\/wp-json\/wp\/v2\/media?parent=5238"}],"curies":[{"name":"wp","href":"https:\/\/api.w.org\/{rel}","templated":true}]}}