{"id":414,"date":"2023-08-09T12:56:55","date_gmt":"2023-08-09T10:56:55","guid":{"rendered":"https:\/\/flusskrebse.nextron.org\/impressum\/"},"modified":"2025-03-12T21:01:05","modified_gmt":"2025-03-12T20:01:05","slug":"impressum","status":"publish","type":"page","link":"https:\/\/www.kfks.ch\/fr\/impressum\/","title":{"rendered":"Impressum"},"content":{"rendered":"<div id=\"pl-414\"  class=\"panel-layout\" ><div id=\"pg-414-0\"  class=\"panel-grid panel-no-style\" ><div id=\"pgc-414-0-0\"  class=\"panel-grid-cell\" >\r\n\r\n<div class=\"desktop-max-width \">\r\n\r\n<h3>\u00c9diteur et responsable du contenu du site<\/h3>\n\n<p><strong>Service Coordination d'\u00c9crevisse Suisse<\/strong><\/p>\n\n<p>Wasser-Agenda 21<br \/>\nForum Chriesbach<br \/>\n\u00dcberlandstrasse 133<br \/>\nCH-8600 D\u00fcbendorf<\/p>\n\n<p>Telefon:&nbsp;<a href=\"tel:0041612285432\">+41 58 765 67 42<\/a><br \/>\nE-Mail: <a href=\"mailto:info@kfks.ch\">info@kfks.ch<\/a><\/p>\n\n<p>&nbsp;<\/p>\n\n<p>&nbsp;<\/p>\n\n<p>&nbsp;<\/p>\n\n<h3>Programmation<\/h3>\n\n<p><a href=\"http:\/\/www.nextron.ch\/\">nextron internet team GmbH<\/a><br \/>\nReinacherstrasse 129, 4053 Basel, Schweiz<br \/>\n&nbsp;<\/p>\n\n<h3>Conditions g\u00e9n\u00e9rales d'utilisation<\/h3>\n\n<p>Les contenus du site www.kfks.ch\/www.ecrevisses.ch\/www.kfks.ch ont \u00e9t\u00e9 soigneusement v\u00e9rifi\u00e9s et mis en forme. Si vous d\u00e9couvrez malgr\u00e9 tout une erreur, nous vous remercions de votre compr\u00e9hension et de votre communication. Le Bureau de coordination \u00e9crevisses Suisse n'assume toutefois aucune responsabilit\u00e9 quant \u00e0 l'exactitude et l'exhaustivit\u00e9 des informations. Le site Internet contient des liens qui renvoient \u00e0 d'autres sites. Nous n'avons aucune influence sur ces contenus et ne pouvons donc pas en assumer la responsabilit\u00e9. Seul le fournisseur de ces sites est responsable de leur contenu et des \u00e9ventuels dommages caus\u00e9s par l'utilisation de ces sites.<br \/>\n&nbsp;<\/p>\n\n<h3>Droits d'auteur<\/h3>\n\n<p>Les droits d'auteur et tous les autres droits li\u00e9s aux contenus, images, photos ou autres fichiers pr\u00e9sents sur le site Internet appartiennent exclusivement au Centre de coordination des \u00e9crevisses de Suisse ou aux d\u00e9tenteurs de droits sp\u00e9cialement cit\u00e9s. L'autorisation \u00e9crite des d\u00e9tenteurs des droits d'auteur doit \u00eatre obtenue au pr\u00e9alable pour la reproduction de tout \u00e9l\u00e9ment.<\/p>\n\n<p><strong>Copyright images:<\/strong><br \/>\nPortraits d'esp\u00e8ces: \u00e9crevisse \u00e0 pattes gr\u00eales, \u00e9crevisse rouge de Louisiane, \u00e9crevisse am\u00e9ricaine et \u00e9crevisse signal: <a href=\"https:\/\/www.roggo.ch\/\">Michael Roggo<\/a><\/p>\n\n<p>&nbsp;<\/p>\n\n<p>&nbsp;<\/p>\n<\/div>\r\n\r\n<\/div><\/div><\/div>","protected":false},"excerpt":{"rendered":"<p>\u00c9diteur et responsable du contenu du site Service Coordination d&rsquo;\u00c9crevisse Suisse Wasser-Agenda 21 Forum Chriesbach \u00dcberlandstrasse 133 CH-8600 D\u00fcbendorf Telefon:&nbsp;+41 58 765 67 42 E-Mail: info@kfks.ch &nbsp; &nbsp; &nbsp; Programmation nextron internet team GmbH Reinacherstrasse 129, 4053 Basel, Schweiz &nbsp; Conditions g\u00e9n\u00e9rales d&rsquo;utilisation Les contenus du site www.kfks.ch\/www.ecrevisses.ch\/www.kfks.ch ont \u00e9t\u00e9 soigneusement v\u00e9rifi\u00e9s et mis en &hellip; <a href=\"https:\/\/www.kfks.ch\/fr\/impressum\/\" class=\"more-link\">Continue reading<span class=\"screen-reader-text\"> \u00ab\u00a0Impressum\u00a0\u00bb<\/span><\/a><\/p>\n","protected":false},"author":1,"featured_media":0,"parent":0,"menu_order":26,"comment_status":"closed","ping_status":"closed","template":"","meta":{"_acf_changed":false,"footnotes":""},"class_list":["post-414","page","type-page","status-publish","hentry"],"acf":[],"_links":{"self":[{"href":"https:\/\/www.kfks.ch\/fr\/wp-json\/wp\/v2\/pages\/414","targetHints":{"allow":["GET"]}}],"collection":[{"href":"https:\/\/www.kfks.ch\/fr\/wp-json\/wp\/v2\/pages"}],"about":[{"href":"https:\/\/www.kfks.ch\/fr\/wp-json\/wp\/v2\/types\/page"}],"author":[{"embeddable":true,"href":"https:\/\/www.kfks.ch\/fr\/wp-json\/wp\/v2\/users\/1"}],"replies":[{"embeddable":true,"href":"https:\/\/www.kfks.ch\/fr\/wp-json\/wp\/v2\/comments?post=414"}],"version-history":[{"count":21,"href":"https:\/\/www.kfks.ch\/fr\/wp-json\/wp\/v2\/pages\/414\/revisions"}],"predecessor-version":[{"id":6230,"href":"https:\/\/www.kfks.ch\/fr\/wp-json\/wp\/v2\/pages\/414\/revisions\/6230"}],"wp:attachment":[{"href":"https:\/\/www.kfks.ch\/fr\/wp-json\/wp\/v2\/media?parent=414"}],"curies":[{"name":"wp","href":"https:\/\/api.w.org\/{rel}","templated":true}]}}