{"id":406,"date":"2023-11-09T21:31:11","date_gmt":"2023-11-09T20:31:11","guid":{"rendered":"https:\/\/flusskrebse.nextron.org\/merkblaetter\/"},"modified":"2024-07-01T16:06:24","modified_gmt":"2024-07-01T14:06:24","slug":"aide-memoires","status":"publish","type":"page","link":"https:\/\/www.kfks.ch\/fr\/aide-memoires\/","title":{"rendered":"Aide-m\u00e9moires"},"content":{"rendered":"<div id=\"pl-406\"  class=\"panel-layout\" ><div id=\"pg-406-0\"  class=\"panel-grid panel-no-style\" ><div id=\"pgc-406-0-0\"  class=\"panel-grid-cell\" >\r\n<h1>Aide-m\u00e9moires<\/h1><div class=\"row\">\r\n  <div class=\"col col-12 col-lg-4\">\r\n    <aside class=\"page-sidebar\">\r\n      <!--- Sidebar Content [start] --->\r\n\t      <div class=\"page-filters parent_cats newsfilter\">\r\n        <ul>\r\n                  <li> <a href=\"#\" data-filter=\"protection\"> <span>protection<\/span> <\/a> <\/li>\r\n\t\t          <li> <a href=\"#\" data-filter=\"promotion\"> <span>promotion<\/span> <\/a> <\/li>\r\n\t\t        <\/ul>\r\n        \r\n      <\/div>\r\n            \r\n\r\n\r\n  <script>\r\n  jQuery(document).ready(function($) {\r\n    jQuery('.page-filters.parent_cats li a').click(function(e) {\r\n       var dfilter = jQuery(this).attr('data-filter');\r\n\t   jQuery('.child-cats').hide();\r\n\t   jQuery('.child-cats[data-parent=\"'+dfilter+'\"]').toggle();\r\n    });\r\n});\r\n  <\/script>    \r\n      \r\n      \r\n      <p class=\"page-filters-reset\"> <a href=\".\/\"> <small>R\u00e9initialiser le filtre<\/small> <\/a> <\/p>\r\n      <!--- Sidebar Content [end] --->\r\n    <\/aside>\r\n  <\/div>\r\n  <div class=\"col col-12 col-lg-8 col-xl-6\">\r\n  \r\n  <div class=\"newsloadedcnt\">\r\n\t       \r\n<div class=\"page-news-entry\">\r\n        <h4>Barrages \u00e0 \u00e9crevisses: construction et exp\u00e9riences<\/h4>\r\n            <p class=\"news-date\">\r\n\t\t\tMis &aacute; jour le 27.06.2024\t\t\t<\/p>\r\n    \r\n\r\n  <div class=\"page-news\">\r\n    \r\n        <div class=\"page-news-image\">\r\n      <a href=\"https:\/\/www.kfks.ch\/wp-content\/uploads\/2024\/11\/mbf-06_barrages-ecrevisses.pdf\" style=\"text-decoration:none;\" target=\"_blank\">\r\n      <div class=\"image-control\" data-format=\"4:3\" style=\"background-image: url('https:\/\/www.kfks.ch\/wp-content\/uploads\/2024\/08\/mb-krebssperren.jpg')\"><\/div>\r\n      <\/a>    <\/div>\r\n    <!--- \/.page-news-image --->\r\n        \r\n    <div class=\"page-news-content\">\r\n      <div class=\"news-text-preview text-smaller\">\r\n        <p>La construction de barrages \u00e0 \u00e9crevisses vise \u00e0 interrompre la propagation d&rsquo;esp\u00e8ces invasives afi n de prot\u00e9ger les esp\u00e8ces indig\u00e8nes. Un fort courant combin\u00e9 avec une surface lisse ou un devers avec un surplomb est pour l&rsquo;\u00e9crevisse un obstacle insurmontable.<br \/>\nL&rsquo;aide-m\u00e9moire donne un aper\u00e7u du niveau des connaissances actuelles et des exp\u00e9riences en mati\u00e8re de mise en place.<\/p>\n<p><a href=\"https:\/\/www.kfks.ch\/wp-content\/uploads\/2024\/11\/mbf-06_barrages-ecrevisses.pdf\">PDF (2MB)<\/a><\/p>\n     <\/div>\r\n      <p class=\"news-text-full text-smaller\">\r\n        devers avec un surplomb est pour l'\u00e9crevisse un obstacle insurmontable.\r\nL'aide-m\u00e9moire donne un aper\u00e7u du niveau des connaissances actuelles et des exp\u00e9riences en mati\u00e8re de mise en place.\r\n\r\nPDF (2MB)       <\/p>\r\n          <\/div>\r\n    <!--- \/.page-news-content --->\r\n  <\/div>\r\n  <!--- \/.page-news --->\r\n<\/div><!-- #post-4748 -->       \r\n<div class=\"page-news-entry\">\r\n        <h4>Protection des populations d&rsquo;\u00e9crevisses indig\u00e8nes<\/h4>\r\n            <p class=\"news-date\">\r\n\t\t\tMis &aacute; jour le 02.11.2016\t\t\t<\/p>\r\n    \r\n\r\n  <div class=\"page-news\">\r\n    \r\n        <div class=\"page-news-image\">\r\n      <a href=\"https:\/\/www.kfks.ch\/wp-content\/uploads\/2024\/11\/mbf-05_protection-ecrevisses-indigenes.pdf\" style=\"text-decoration:none;\" target=\"_blank\">\r\n      <div class=\"image-control\" data-format=\"4:3\" style=\"background-image: url('https:\/\/www.kfks.ch\/wp-content\/uploads\/2024\/08\/mb-schutz.jpg')\"><\/div>\r\n      <\/a>    <\/div>\r\n    <!--- \/.page-news-image --->\r\n        \r\n    <div class=\"page-news-content\">\r\n      <div class=\"news-text-preview text-smaller\">\r\n        <p>L&rsquo;importation d&rsquo;\u00e9crevisses am\u00e9ricaines et de la peste de l&rsquo;\u00e9crevisse, ainsi que la destruction du biotope constituent les plus grands dangers pour les populations d&rsquo;\u00e9crevisses indig\u00e8nes. Pour emp\u00eacher cela, des mesures appropri\u00e9es doivent \u00eatre prises.<\/p>\n<p><a href=\"https:\/\/www.kfks.ch\/wp-content\/uploads\/2024\/11\/mbf-05_protection-ecrevisses-indigenes.pdf\">PDF (2 MB)<\/a><\/p>\n     <\/div>\r\n      <p class=\"news-text-full text-smaller\">\r\n        appropri\u00e9es doivent \u00eatre prises.\r\n\r\nPDF (2 MB)       <\/p>\r\n          <\/div>\r\n    <!--- \/.page-news-content --->\r\n  <\/div>\r\n  <!--- \/.page-news --->\r\n<\/div><!-- #post-4749 -->       \r\n<div class=\"page-news-entry\">\r\n        <h4>Pr\u00e9vention de la propagation de la peste de l&rsquo;\u00e9crevisse<\/h4>\r\n            <p class=\"news-date\">\r\n\t\t\tMis &aacute; jour le 06.07.2024\t\t\t<\/p>\r\n    \r\n\r\n  <div class=\"page-news\">\r\n    \r\n        <div class=\"page-news-image\">\r\n      <a href=\"https:\/\/www.kfks.ch\/wp-content\/uploads\/2024\/11\/mbf-03_prevention-propagation-peste.pdf\" style=\"text-decoration:none;\" target=\"_blank\">\r\n      <div class=\"image-control\" data-format=\"4:3\" style=\"background-image: url('https:\/\/www.kfks.ch\/wp-content\/uploads\/2024\/08\/mb-krebspestverbreitung.jpg')\"><\/div>\r\n      <\/a>    <\/div>\r\n    <!--- \/.page-news-image --->\r\n        \r\n    <div class=\"page-news-content\">\r\n      <div class=\"news-text-preview text-smaller\">\r\n        <p>Des \u00e9crevisses infect\u00e9es ou ayant succomb\u00e9 \u00e0 la peste de l&rsquo;\u00e9crevisse lib\u00e8rent en continu les zoospores de l&rsquo;agent infectieux dans l&rsquo;eau. De cette fa\u00e7on, la peste de l&rsquo;\u00e9crevisse se r\u00e9pand dans le point d&rsquo;eau ou passe dans un autre. Ce qui est caus\u00e9 par des ustensiles de p\u00eaches, des bottes, des bateaux, des machines de construction contamin\u00e9s et bien d&rsquo;autres encore.<\/p>\n<p><a href=\"https:\/\/www.kfks.ch\/wp-content\/uploads\/2024\/11\/mbf-03_prevention-propagation-peste.pdf\">PDF (1MB)<\/a><\/p>\n     <\/div>\r\n      <p class=\"news-text-full text-smaller\">\r\n        dans le point d'eau ou passe dans un autre. Ce qui est caus\u00e9 par des ustensiles de p\u00eaches, des bottes, des bateaux, des machines de construction contamin\u00e9s et bien d'autres encore.\r\n\r\nPDF (1MB)       <\/p>\r\n          <\/div>\r\n    <!--- \/.page-news-content --->\r\n  <\/div>\r\n  <!--- \/.page-news --->\r\n<\/div><!-- #post-4751 -->       \r\n<div class=\"page-news-entry\">\r\n        <h4>Informations concernant la peste de l&rsquo;\u00e9crevisse<\/h4>\r\n            <p class=\"news-date\">\r\n\t\t\tMis &aacute; jour le 09.12.2016\t\t\t<\/p>\r\n    \r\n\r\n  <div class=\"page-news\">\r\n    \r\n        <div class=\"page-news-image\">\r\n      <a href=\"https:\/\/www.kfks.ch\/wp-content\/uploads\/2024\/11\/mbf-02_information-peste-ecrevisse.pdf\" style=\"text-decoration:none;\" target=\"_blank\">\r\n      <div class=\"image-control\" data-format=\"4:3\" style=\"background-image: url('https:\/\/www.kfks.ch\/wp-content\/uploads\/2024\/08\/mb-krebspest.jpg')\"><\/div>\r\n      <\/a>    <\/div>\r\n    <!--- \/.page-news-image --->\r\n        \r\n    <div class=\"page-news-content\">\r\n      <div class=\"news-text-preview text-smaller\">\r\n        <p>Selon l&rsquo;International Union for Conservation of Nature (IUCN), l&rsquo;agent infectieux de la peste de l&rsquo;\u00e9crevisse est l&rsquo;un des 100 plus dangereux qui existent sur notre plan\u00e8te. En Europe, il est apparu pour la premi\u00e8re fois en Italie en 1859 puis commen\u00e7a son parcours mortif\u00e8re. En Suisse, la peste de l&rsquo;\u00e9crevisse continuent de causer l&rsquo;effondrement de populations enti\u00e8res d&rsquo;\u00e9crevisses indig\u00e8nes.<\/p>\n<p><a href=\"https:\/\/www.kfks.ch\/wp-content\/uploads\/2024\/11\/mbf-02_information-peste-ecrevisse.pdf\">PDF (0.7MB)<\/a><\/p>\n     <\/div>\r\n      <p class=\"news-text-full text-smaller\">\r\n        apparu pour la premi\u00e8re fois en Italie en 1859 puis commen\u00e7a son parcours mortif\u00e8re. En Suisse, la peste de l'\u00e9crevisse continuent de causer l'effondrement de populations enti\u00e8res d'\u00e9crevisses indig\u00e8nes.\r\n\r\nPDF (0.7MB)       <\/p>\r\n          <\/div>\r\n    <!--- \/.page-news-content --->\r\n  <\/div>\r\n  <!--- \/.page-news --->\r\n<\/div><!-- #post-4752 -->       \r\n<div class=\"page-news-entry\">\r\n        <h4>Check-liste: Peste de l&rsquo;\u00e9crevisse \u2013 que faire?<\/h4>\r\n            <p class=\"news-date\">\r\n\t\t\tMis &aacute; jour le 02.11.2016\t\t\t<\/p>\r\n    \r\n\r\n  <div class=\"page-news\">\r\n    \r\n        <div class=\"page-news-image\">\r\n      <a href=\"https:\/\/www.kfks.ch\/wp-content\/uploads\/2024\/11\/mbf-01_check-liste-peste-ecrevisse.pdf\" style=\"text-decoration:none;\" target=\"_blank\">\r\n      <div class=\"image-control\" data-format=\"4:3\" style=\"background-image: url('https:\/\/www.kfks.ch\/wp-content\/uploads\/2024\/08\/mb-krebspest-was-tun.jpg')\"><\/div>\r\n      <\/a>    <\/div>\r\n    <!--- \/.page-news-image --->\r\n        \r\n    <div class=\"page-news-content\">\r\n      <div class=\"news-text-preview text-smaller\">\r\n        <p>La peste de l&rsquo;\u00e9crevisse menace les populations d&rsquo;\u00e9crevisses indig\u00e8nes et est une \u00e9pizootie soumise \u00e0 d\u00e9claration obligatoire. Diverses mesures doivent \u00eatre prises lorsque la peste de l&rsquo;\u00e9crevisse est identifi\u00e9e dans un point d&rsquo;eau. Cet aide-m\u00e9moire doit servir de base aux cantons concern\u00e9s quant \u00e0 la fa\u00e7on de proc\u00e9der en cas d&rsquo;occurrence de peste de l&rsquo;\u00e9crevisse.<\/p>\n<p><a href=\"https:\/\/www.kfks.ch\/wp-content\/uploads\/2024\/11\/mbf-01_check-liste-peste-ecrevisse.pdf\">PDF (2MB)<\/a><\/p>\n     <\/div>\r\n      <p class=\"news-text-full text-smaller\">\r\n        un point d'eau. Cet aide-m\u00e9moire doit servir de base aux cantons concern\u00e9s quant \u00e0 la fa\u00e7on de proc\u00e9der en cas d'occurrence de peste de l'\u00e9crevisse.\r\n\r\nPDF (2MB)       <\/p>\r\n          <\/div>\r\n    <!--- \/.page-news-content --->\r\n  <\/div>\r\n  <!--- \/.page-news --->\r\n<\/div><!-- #post-4753 -->       \r\n<div class=\"page-news-entry\">\r\n        <h4>Projets de construction dans les eaux \u00e0 \u00e9crevisses<\/h4>\r\n            <p class=\"news-date\">\r\n\t\t\tMis &aacute; jour le 01.09.2021\t\t\t<\/p>\r\n    \r\n\r\n  <div class=\"page-news\">\r\n    \r\n        <div class=\"page-news-image\">\r\n      <a href=\"https:\/\/www.kfks.ch\/wp-content\/uploads\/2024\/11\/mbf-07_projet-de-construction.pdf\" style=\"text-decoration:none;\" target=\"_blank\">\r\n      <div class=\"image-control\" data-format=\"4:3\" style=\"background-image: url('https:\/\/www.kfks.ch\/wp-content\/uploads\/2024\/08\/mb-bauvorhaben.jpg')\"><\/div>\r\n      <\/a>    <\/div>\r\n    <!--- \/.page-news-image --->\r\n        \r\n    <div class=\"page-news-content\">\r\n      <div class=\"news-text-preview text-smaller\">\r\n        <p>Parall\u00e8lement aux interventions d&rsquo;ing\u00e9nierie comme les travaux de renaturation et d&rsquo;am\u00e9nagements, les travaux d\u2019entretien et de maintenance, comme les nettoyages des arr\u00eats de gravier, peuvent aussi avoir des r\u00e9percussions n\u00e9gatives sur les populations d\u2019\u00e9crevisses. Il faut respecter les points suivants afin que les interventions de construction mises en oeuvre pr\u00e9servent le mieux possible la population d\u2019\u00e9crevisses.<\/p>\n<p><a href=\"https:\/\/www.kfks.ch\/wp-content\/uploads\/2024\/11\/mbf-07_projet-de-construction.pdf\">PDF (2MB)<\/a><\/p>\n     <\/div>\r\n      <p class=\"news-text-full text-smaller\">\r\n        sur les populations d\u2019\u00e9crevisses. Il faut respecter les points suivants afin que les interventions de construction mises en oeuvre pr\u00e9servent le mieux possible la population d\u2019\u00e9crevisses.\r\n\r\nPDF (2MB)       <\/p>\r\n          <\/div>\r\n    <!--- \/.page-news-content --->\r\n  <\/div>\r\n  <!--- \/.page-news --->\r\n<\/div><!-- #post-4754 -->       \r\n<div class=\"page-news-entry\">\r\n        <h4>R\u00e9introduction des \u00e9crevisses<\/h4>\r\n            <p class=\"news-date\">\r\n\t\t\tMis &aacute; jour le 08.03.2023\t\t\t<\/p>\r\n    \r\n\r\n  <div class=\"page-news\">\r\n    \r\n        <div class=\"page-news-image\">\r\n      <a href=\"https:\/\/www.kfks.ch\/wp-content\/uploads\/2024\/11\/mbf-09_reintroduction-des-ecrevisses.pdf\" style=\"text-decoration:none;\" target=\"_blank\">\r\n      <div class=\"image-control\" data-format=\"4:3\" style=\"background-image: url('https:\/\/www.kfks.ch\/wp-content\/uploads\/2023\/08\/merkb-ansiedlung-2.jpg')\"><\/div>\r\n      <\/a>    <\/div>\r\n    <!--- \/.page-news-image --->\r\n        \r\n    <div class=\"page-news-content\">\r\n      <div class=\"news-text-preview text-smaller\">\r\n        <p>Le \u00ab Plan d\u2018action \u00e9crevisses Suisse \u00bb mentionne les programmes d\u2018introduction et de r\u00e9introduction comme mesures de protection. La r\u00e9ussite de ces programmes repose sur le respect de certaines conditions cadres. <\/p>\n<p><a href=\"https:\/\/www.kfks.ch\/wp-content\/uploads\/2024\/11\/mbf-09_reintroduction-des-ecrevisses.pdf\">PDF (2MB)<\/a><\/p>\n     <\/div>\r\n      <p class=\"news-text-full text-smaller\">\r\n        cadres. \r\n\r\nPDF (2MB)       <\/p>\r\n          <\/div>\r\n    <!--- \/.page-news-content --->\r\n  <\/div>\r\n  <!--- \/.page-news --->\r\n<\/div><!-- #post-502 -->       \r\n<div class=\"page-news-entry\">\r\n        <h4>Analyse g\u00e9n\u00e9tique des populations d\u2018\u00e9crevisses<\/h4>\r\n            <p class=\"news-date\">\r\n\t\t\tMis &aacute; jour le 08.03.2024\t\t\t<\/p>\r\n    \r\n\r\n  <div class=\"page-news\">\r\n    \r\n        <div class=\"page-news-image\">\r\n      <a href=\"https:\/\/www.kfks.ch\/wp-content\/uploads\/2024\/11\/mbf-08_analyse-genetique-des-populations-d\u2018ecrevisses.pdf\" style=\"text-decoration:none;\" target=\"_blank\">\r\n      <div class=\"image-control\" data-format=\"4:3\" style=\"background-image: url('https:\/\/www.kfks.ch\/wp-content\/uploads\/2023\/08\/merkb-genetik-2.jpg')\"><\/div>\r\n      <\/a>    <\/div>\r\n    <!--- \/.page-news-image --->\r\n        \r\n    <div class=\"page-news-content\">\r\n      <div class=\"news-text-preview text-smaller\">\r\n        <p>Les analyses g\u00e9n\u00e9tiques fournissent des informations importantes pour les mesures de gestion visant \u00e0 pr\u00e9server la diversit\u00e9 g\u00e9n\u00e9tique des esp\u00e8ces d\u2018\u00e9crevisses<br \/>\nindig\u00e8nes.<\/p>\n<p><a href=\"https:\/\/www.kfks.ch\/wp-content\/uploads\/2024\/11\/mbf-08_analyse-genetique-des-populations-d\u2018ecrevisses.pdf\">(PDF 1MB)<\/a><\/p>\n     <\/div>\r\n      <p class=\"news-text-full text-smaller\">\r\n               <\/p>\r\n          <\/div>\r\n    <!--- \/.page-news-content --->\r\n  <\/div>\r\n  <!--- \/.page-news --->\r\n<\/div><!-- #post-4755 -->\r\n\t<\/div>\r\n\r\n\t    <style>.pgsep{display:none!important;}<\/style>\r\n        <hr class=\"pgsep\">\r\n    \r\n    <p class=\"pgsep page-load-more\"> <a href=\"javascript:void(0);\" data-ptype=\"merkblaetter\" data-nop=\"-1\" data-page=\"1\" class=\"load-more-button\"> <i class=\"far fa-arrow-down\"><\/i> <small><strong>Charger plus de projets<\/strong><\/small> <\/a> <\/p>\r\n  <\/div>\r\n<\/div>\r\n\r\n\r\n<\/div><\/div><\/div>","protected":false},"excerpt":{"rendered":"<p>Aide-m\u00e9moires protection promotion R\u00e9initialiser le filtre Barrages \u00e0 \u00e9crevisses: construction et exp\u00e9riences Mis &aacute; jour le 27.06.2024 La construction de barrages \u00e0 \u00e9crevisses vise \u00e0 interrompre la propagation d&rsquo;esp\u00e8ces invasives afi n de prot\u00e9ger les esp\u00e8ces indig\u00e8nes. Un fort courant combin\u00e9 avec une surface lisse ou un devers avec un surplomb est pour l&rsquo;\u00e9crevisse un &hellip; <a href=\"https:\/\/www.kfks.ch\/fr\/aide-memoires\/\" class=\"more-link\">Continue reading<span class=\"screen-reader-text\"> \u00ab\u00a0Aide-m\u00e9moires\u00a0\u00bb<\/span><\/a><\/p>\n","protected":false},"author":1,"featured_media":0,"parent":0,"menu_order":38,"comment_status":"closed","ping_status":"closed","template":"","meta":{"_acf_changed":false,"footnotes":""},"class_list":["post-406","page","type-page","status-publish","hentry"],"acf":[],"_links":{"self":[{"href":"https:\/\/www.kfks.ch\/fr\/wp-json\/wp\/v2\/pages\/406","targetHints":{"allow":["GET"]}}],"collection":[{"href":"https:\/\/www.kfks.ch\/fr\/wp-json\/wp\/v2\/pages"}],"about":[{"href":"https:\/\/www.kfks.ch\/fr\/wp-json\/wp\/v2\/types\/page"}],"author":[{"embeddable":true,"href":"https:\/\/www.kfks.ch\/fr\/wp-json\/wp\/v2\/users\/1"}],"replies":[{"embeddable":true,"href":"https:\/\/www.kfks.ch\/fr\/wp-json\/wp\/v2\/comments?post=406"}],"version-history":[{"count":6,"href":"https:\/\/www.kfks.ch\/fr\/wp-json\/wp\/v2\/pages\/406\/revisions"}],"predecessor-version":[{"id":4873,"href":"https:\/\/www.kfks.ch\/fr\/wp-json\/wp\/v2\/pages\/406\/revisions\/4873"}],"wp:attachment":[{"href":"https:\/\/www.kfks.ch\/fr\/wp-json\/wp\/v2\/media?parent=406"}],"curies":[{"name":"wp","href":"https:\/\/api.w.org\/{rel}","templated":true}]}}