{"id":400,"date":"2023-10-12T11:33:52","date_gmt":"2023-10-12T09:33:52","guid":{"rendered":"https:\/\/flusskrebse.nextron.org\/fordermassnahmen\/"},"modified":"2024-08-08T18:25:18","modified_gmt":"2024-08-08T16:25:18","slug":"fordermassnahmen","status":"publish","type":"page","link":"https:\/\/www.kfks.ch\/fr\/fordermassnahmen\/","title":{"rendered":"Mesures de promotion"},"content":{"rendered":"<div id=\"pl-400\"  class=\"panel-layout\" ><div id=\"pg-400-0\"  class=\"panel-grid panel-no-style\" ><div id=\"pgc-400-0-0\"  class=\"panel-grid-cell\" >\r\n\r\n<div class=\"desktop-max-width \">\r\n\r\n<p>Diff\u00e9rentes mesures de promotion des esp\u00e8ces indig\u00e8nes d'\u00e9crevisses sont \u00e9galement mentionn\u00e9es dans le <a href=\"https:\/\/www.bafu.admin.ch\/bafu\/fr\/home\/themes\/biodiversite\/publications\/publications-biodiversite\/plan-d-action-ecrevisses.html\">Plan d'action \u00e9crevisses Suisse (2011)<\/a>. Outre les mesures d'am\u00e9lioration de l'habitat, il s'agit de l'exploitation des populations indig\u00e8nes (\u00e9crevisses \u00e0 pattes rouges) ainsi que de la mise en \u0153uvre de programmes d'introduction et de r\u00e9introduction.<\/p>\n\n<p>Des informations aussi pr\u00e9cises et compl\u00e8tes que possible sur la r\u00e9partition des \u00e9crevisses indig\u00e8nes et non indig\u00e8nes constituent en outre une base importante pour les mesures de protection.<\/p>\n<\/div>\r\n\r\n<\/div><\/div><div id=\"pg-400-1\"  class=\"panel-grid panel-no-style\" ><div id=\"pgc-400-1-0\"  class=\"panel-grid-cell\" >\r\n\r\n<div class=\"desktop-max-width \">\r\n\r\n<h3><br \/>\nAm\u00e9loration de l'habitat<\/h3>\n<\/div>\r\n\r\n<\/div><\/div><div id=\"pg-400-2\"  class=\"panel-grid panel-no-style\" ><div id=\"pgc-400-2-0\"  class=\"panel-grid-cell\" ><div class=\"imagebox align-left \">\r\n<div class=\"imgboxinr\">\r\n        \r\n            <img decoding=\"async\" src=\"https:\/\/www.kfks.ch\/wp-content\/uploads\/2024\/08\/lebensraum.jpg\" alt=\"\" class=\"responsive-image\">\r\n\t\t    \r\n        <div class=\"image-legend\"style=\"padding-top:8px\"><p>Fig. 1: Cours d'eau naturel avec des rives riches en structures et des tron\u00e7ons de cours d'eau de diff\u00e9rentes profondeurs.<\/p><\/div>\r\n    \r\n<\/div>\r\n<\/div>\r\n<\/div><div id=\"pgc-400-2-1\"  class=\"panel-grid-cell\" >\r\n\r\n<div class=\"desktop-max-width \">\r\n\r\n<p>La revitalisation\u00a0 des habitats existants passe par l'introduction de pierres et de bois mort. La variabilit\u00e9 de la profondeur est tout aussi importante. Dans les petits ruisseaux en particulier, les zones profondes des cours d'eau sont des refuges importants lorsque le niveau d'eau est bas (fig. 1). D'autres mesures consistent \u00e0 entretenir les cours d'eau par tron\u00e7ons et \u00e0 mettre en r\u00e9seau les habitats.<\/p>\n\n<p>\u00a0<\/p>\n<\/div>\r\n\r\n<\/div><\/div><div id=\"pg-400-3\"  class=\"panel-grid panel-no-style\" ><div id=\"pgc-400-3-0\"  class=\"panel-grid-cell\" >\r\n\r\n<div class=\"desktop-max-width \">\r\n\r\n<h3><br \/>\nMesures d'introduction et de r\u00e9introduction<\/h3>\n<\/div>\r\n\r\n<\/div><\/div><div id=\"pg-400-4\"  class=\"panel-grid panel-no-style\" ><div id=\"pgc-400-4-0\"  class=\"panel-grid-cell\" ><div class=\"imagebox align-left \">\r\n<div class=\"imgboxinr\">\r\n        \r\n            <img decoding=\"async\" src=\"https:\/\/www.kfks.ch\/wp-content\/uploads\/2024\/08\/nachzucht.jpg\" alt=\"\" class=\"responsive-image\">\r\n\t\t    \r\n        <div class=\"image-legend\"style=\"padding-top:8px\"><p>Fig. 2: L'\u00e9levage artificiel permet de \u00e9conomiser le stock de pr\u00e9l\u00e8vement.<\/p><\/div>\r\n    \r\n<\/div>\r\n<\/div>\r\n<\/div><div id=\"pgc-400-4-1\"  class=\"panel-grid-cell\" >\r\n\r\n<div class=\"desktop-max-width \">\r\n\r\n<p>L'expansion des populations ou la recolonisation des cours d'eau n'est souvent pas possible de mani\u00e8re naturelle pour les \u00e9crevisses. Des obstacles dans le cours d'eau, mais aussi la pr\u00e9sence d'esp\u00e8ces d'\u00e9crevisses invasives peuvent emp\u00eacher l'expansion des populations d'\u00e9crevisses indig\u00e8nes. Les r\u00e9introductions permettent de cr\u00e9er de nouvelles populations d'Arche qui contribuent \u00e0 att\u00e9nuer les pertes dans d'autres cours d'eau. Des stations d'\u00e9levage sont en service dans plusieurs cantons (fig. 2).<\/p>\n\n<p>Aide-m\u00e9moire:<br \/>\n- <a href=\"https:\/\/www.kfks.ch\/wp-content\/uploads\/2024\/06\/mbf-09_reintroduction-des-ecrevisses.pdf\">Reintroduction des \u00e9crevisses (2MB)<\/a><\/p>\n<\/div>\r\n\r\n<\/div><\/div><div id=\"pg-400-5\"  class=\"panel-grid panel-no-style\" ><div id=\"pgc-400-5-0\"  class=\"panel-grid-cell\" >\r\n\r\n<div class=\"desktop-max-width \">\r\n\r\n<h3><br \/>\nExploitation des populations indig\u00e8nes<\/h3>\n<\/div>\r\n\r\n<\/div><\/div><div id=\"pg-400-6\"  class=\"panel-grid panel-no-style\" ><div id=\"pgc-400-6-0\"  class=\"panel-grid-cell\" ><div class=\"imagebox align-left \">\r\n<div class=\"imgboxinr\">\r\n        \r\n            <img decoding=\"async\" src=\"https:\/\/www.kfks.ch\/wp-content\/uploads\/2024\/08\/nutzung.jpg\" alt=\"\" class=\"responsive-image\">\r\n\t\t    \r\n        <div class=\"image-legend\"style=\"padding-top:8px\"><p>Fig. 3: La p\u00eache aux \u00e9crevisses est r\u00e9glement\u00e9e diff\u00e9remment selon les cantons.<\/p><\/div>\r\n    \r\n<\/div>\r\n<\/div>\r\n<\/div><div id=\"pgc-400-6-1\"  class=\"panel-grid-cell\" >\r\n\r\n<div class=\"desktop-max-width \">\r\n\r\n<p>Dans de nombreux cantons, la p\u00eache aux \u00e9crevisses est interdite. Seules quelques rares populations d'\u00e9crevisses sont exploit\u00e9es de mani\u00e8re extensive pour la consommation personnelle ou pour approvisionner certains restaurants. La protection par l'exploitation serait souhaitable, car elle permettrait d'accro\u00eetre l'int\u00e9r\u00eat pour des populations d'\u00e9crevisses saines et de cr\u00e9er un groupe d'int\u00e9r\u00eat pour la protection et la promotion des crustac\u00e9s.<\/p>\n\n<p>FAQ:<br \/>\n- <a href=\"https:\/\/www.kfks.ch\/fr\/faq\/peut-on-pecher-des-ecrevisses\/\">Peut-on p\u00eacher des \u00e9crevisses ?<\/a><\/p>\n\n<p>&nbsp;<\/p>\n\n<p>&nbsp;<\/p>\n<\/div>\r\n\r\n<\/div><\/div><\/div>","protected":false},"excerpt":{"rendered":"<p>Diff\u00e9rentes mesures de promotion des esp\u00e8ces indig\u00e8nes d&rsquo;\u00e9crevisses sont \u00e9galement mentionn\u00e9es dans le Plan d&rsquo;action \u00e9crevisses Suisse (2011). Outre les mesures d&rsquo;am\u00e9lioration de l&rsquo;habitat, il s&rsquo;agit de l&rsquo;exploitation des populations indig\u00e8nes (\u00e9crevisses \u00e0 pattes rouges) ainsi que de la mise en \u0153uvre de programmes d&rsquo;introduction et de r\u00e9introduction. Des informations aussi pr\u00e9cises et compl\u00e8tes que &hellip; <a href=\"https:\/\/www.kfks.ch\/fr\/fordermassnahmen\/\" class=\"more-link\">Continue reading<span class=\"screen-reader-text\"> \u00ab\u00a0Mesures de promotion\u00a0\u00bb<\/span><\/a><\/p>\n","protected":false},"author":1,"featured_media":0,"parent":0,"menu_order":11,"comment_status":"closed","ping_status":"closed","template":"","meta":{"_acf_changed":false,"footnotes":""},"class_list":["post-400","page","type-page","status-publish","hentry"],"acf":[],"_links":{"self":[{"href":"https:\/\/www.kfks.ch\/fr\/wp-json\/wp\/v2\/pages\/400","targetHints":{"allow":["GET"]}}],"collection":[{"href":"https:\/\/www.kfks.ch\/fr\/wp-json\/wp\/v2\/pages"}],"about":[{"href":"https:\/\/www.kfks.ch\/fr\/wp-json\/wp\/v2\/types\/page"}],"author":[{"embeddable":true,"href":"https:\/\/www.kfks.ch\/fr\/wp-json\/wp\/v2\/users\/1"}],"replies":[{"embeddable":true,"href":"https:\/\/www.kfks.ch\/fr\/wp-json\/wp\/v2\/comments?post=400"}],"version-history":[{"count":91,"href":"https:\/\/www.kfks.ch\/fr\/wp-json\/wp\/v2\/pages\/400\/revisions"}],"predecessor-version":[{"id":5872,"href":"https:\/\/www.kfks.ch\/fr\/wp-json\/wp\/v2\/pages\/400\/revisions\/5872"}],"wp:attachment":[{"href":"https:\/\/www.kfks.ch\/fr\/wp-json\/wp\/v2\/media?parent=400"}],"curies":[{"name":"wp","href":"https:\/\/api.w.org\/{rel}","templated":true}]}}