{"id":398,"date":"2023-10-12T11:33:25","date_gmt":"2023-10-12T09:33:25","guid":{"rendered":"https:\/\/flusskrebse.nextron.org\/gefahrdungsursachen\/"},"modified":"2024-08-08T17:36:42","modified_gmt":"2024-08-08T15:36:42","slug":"cause-de-la-menace","status":"publish","type":"page","link":"https:\/\/www.kfks.ch\/fr\/cause-de-la-menace\/","title":{"rendered":"Causes de la menace"},"content":{"rendered":"<div id=\"pl-398\"  class=\"panel-layout\" ><div id=\"pg-398-0\"  class=\"panel-grid panel-no-style\" ><div id=\"pgc-398-0-0\"  class=\"panel-grid-cell\" >\r\n\r\n<div class=\"desktop-max-width \">\r\n\r\n<p>Les pr\u00e9dateurs naturels, tels que les poissons, les h\u00e9rons, les loutres et autres animaux, traquent les \u00e9crevisses \u00e0 chaque \u00e9tape de leur vie. Loin de menacer l'esp\u00e8ce, ces pr\u00e9dateurs r\u00e9gulent les populations. C'est l'homme qui a fait dispara\u00eetre les \u00e9crevisses en de nombreux endroits.<\/p>\n<\/div>\r\n\r\n<\/div><\/div><div id=\"pg-398-1\"  class=\"panel-grid panel-no-style\" ><div id=\"pgc-398-1-0\"  class=\"panel-grid-cell\" >\r\n\r\n<div class=\"desktop-max-width \">\r\n\r\n<h3><br \/>\nDestruction de l'habitat<\/h3>\n<\/div>\r\n\r\n<\/div><\/div><div id=\"pg-398-2\"  class=\"panel-grid panel-no-style\" ><div id=\"pgc-398-2-0\"  class=\"panel-grid-cell\" ><div class=\"imagebox align-left \">\r\n<div class=\"imgboxinr\">\r\n        \r\n            <img decoding=\"async\" src=\"https:\/\/www.kfks.ch\/wp-content\/uploads\/2024\/08\/verbauung.jpg\" alt=\"\" class=\"responsive-image\">\r\n\t\t    \r\n        <div class=\"image-legend\"style=\"padding-top:8px\"><p>Fig. 1: Un ruisseau du Plateau avec des berges fortement am\u00e9nag\u00e9es. Les \u00e9crevisses y trouvent difficilement des cachettes. <\/p><\/div>\r\n    \r\n<\/div>\r\n<\/div>\r\n<\/div><div id=\"pgc-398-2-1\"  class=\"panel-grid-cell\" >\r\n\r\n<div class=\"desktop-max-width \">\r\n\r\n<p>L'endiguement, la canalisation et la mise en tubes souterrains des cours d'eau ont d\u00e9truitde nombreux habitats d'\u00e9crevisses par le pass\u00e9 (fig. 1). Par ailleurs, les apports des agglom\u00e9rations (stations d'\u00e9puration des eaux us\u00e9es) ou de l'agriculture (pesticides) peuvent \u00e9galement rendre un cours d'eau inhabitable ou menacer une population, voire l'an\u00e9antir.<\/p>\n<\/div>\r\n\r\n<\/div><\/div><div id=\"pg-398-3\"  class=\"panel-grid panel-no-style\" ><div id=\"pgc-398-3-0\"  class=\"panel-grid-cell\" >\r\n\r\n<div class=\"desktop-max-width \">\r\n\r\n<h3><br \/>\nEsp\u00e8ces d'\u00e9crevisses invasives<\/h3>\n<\/div>\r\n\r\n<\/div><\/div><div id=\"pg-398-4\"  class=\"panel-grid panel-no-style\" ><div id=\"pgc-398-4-0\"  class=\"panel-grid-cell\" ><div class=\"imagebox align-left \">\r\n<div class=\"imgboxinr\">\r\n        \r\n            <img decoding=\"async\" src=\"https:\/\/www.kfks.ch\/wp-content\/uploads\/2024\/08\/invasive-arten.jpg\" alt=\"\" class=\"responsive-image\">\r\n\t\t    \r\n        <div class=\"image-legend\"style=\"padding-top:8px\"><p>Fig. 2: Les \u00e9crevisses rouges des marais constituent une menace pour la faune et la flore locales. <\/p><\/div>\r\n    \r\n<\/div>\r\n<\/div>\r\n<\/div><div id=\"pgc-398-4-1\"  class=\"panel-grid-cell\" >\r\n\r\n<div class=\"desktop-max-width \">\r\n\r\n<p>L'introduction d'esp\u00e8ces d'<a href=\"https:\/\/www.kfks.ch\/fr\/ecrevisse\/#nicht-einheimische-arten\">\u00e9crevisses invasives<\/a> en provenance d'Am\u00e9rique a entra\u00een\u00e9 une menace suppl\u00e9mentaire pour nos \u00e9crevisses indig\u00e8nes (fig. 2). Non seulement les esp\u00e8ces \u00e9trang\u00e8res sont plus comp\u00e9titives en raison de taux de reproduction plus \u00e9lev\u00e9s, d'un comportement plus agressif ou d'une plus grande capacit\u00e9 d'adaptation aux habitats, mais elles sont \u00e9galement vectrices de la peste de l'\u00e9crevisse.<\/p>\n<\/div>\r\n\r\n<\/div><\/div><div id=\"pg-398-5\"  class=\"panel-grid panel-no-style\" ><div id=\"pgc-398-5-0\"  class=\"panel-grid-cell\" >\r\n\r\n<div class=\"desktop-max-width \">\r\n\r\n<h3><a id=\"peste\" name=\"peste\"><\/a><br \/>\nPeste de l'\u00e9crevisse<\/h3>\n<\/div>\r\n\r\n<\/div><\/div><div id=\"pg-398-6\"  class=\"panel-grid panel-no-style\" ><div id=\"pgc-398-6-0\"  class=\"panel-grid-cell\" ><div class=\"imagebox align-left \">\r\n<div class=\"imgboxinr\">\r\n        \r\n            <img decoding=\"async\" src=\"https:\/\/www.kfks.ch\/wp-content\/uploads\/2024\/08\/gefaehrdung.jpg\" alt=\"\" class=\"responsive-image\">\r\n\t\t    \r\n        <div class=\"image-legend\"style=\"padding-top:8px\"><p>Fig. 3: La peste de l'\u00e9crevisse provoque encore aujourd'hui la mort d'\u00e9crevisses dans les populations indig\u00e8nes.<\/p><\/div>\r\n    \r\n<\/div>\r\n<\/div>\r\n<\/div><div id=\"pgc-398-6-1\"  class=\"panel-grid-cell\" >\r\n\r\n<div class=\"desktop-max-width \">\r\n\r\n<p>C'est \u00e0 la fin du 19e si\u00e8cle que les premiers effondrements de populations d'\u00e9crevisses indig\u00e8nes ont eu lieu dans la plaine du P\u00f4 en Italie. Cette mortalit\u00e9 massive s'est r\u00e9pandue dans toute l'Europe au cours des ann\u00e9es suivantes et c'est la raison pour laquelle la plupart des grands cours d'eau et des plans d'eau n'abritent plus aujourd'hui d'esp\u00e8ces indig\u00e8nes.<\/p>\n\n<p>La peste de l'\u00e9crevisse est provoqu\u00e9e par l'agent pathog\u00e8ne dont le nom scientifique est <em>Aphanomyces astaci<\/em>. Ce faux champignon ou champignon algaire (Oomycetes) est plus proche des algues brunes que des vrais champignons, mais pr\u00e9sente un cycle de vie similaire \u00e0 celui des champignons.<\/p>\n\n<p>Les \u00e9crevisses infect\u00e9es ou mortes \u00e0 cause de l'infection lib\u00e8rent ce que l'on appelle des zoospores dans l'eau. Celles-ci recherchent activement un nouvel h\u00f4te et peuvent \u00eatre transport\u00e9es par l'eau mais aussi par des objets humides.<\/p>\n\n<p>Aide-m\u00e9moires :<br \/>\n- <a href=\"https:\/\/www.kfks.ch\/wp-content\/uploads\/2024\/06\/mbf-02_information-peste-ecrevisse.pdf\">Informations sur la peste de l'\u00e9crevisse (0.8MB)<\/a><br \/>\n- <a href=\"https:\/\/www.kfks.ch\/wp-content\/uploads\/2024\/06\/mbf-03_prevention-propagation-peste.pdf\">Pr\u00e9venir la propagation de la peste de l'\u00e9crevisse (0.9MB)<\/a><br \/>\n- <a href=\"https:\/\/www.kfks.ch\/wp-content\/uploads\/2024\/06\/mb-01_checkliste-krebspest.pdf\">Check-list : Peste de l'\u00e9crevisse - que faire ? (1.9MB)<\/a><\/p>\n<\/div>\r\n\r\n<\/div><\/div><\/div>","protected":false},"excerpt":{"rendered":"<p>Les pr\u00e9dateurs naturels, tels que les poissons, les h\u00e9rons, les loutres et autres animaux, traquent les \u00e9crevisses \u00e0 chaque \u00e9tape de leur vie. Loin de menacer l&rsquo;esp\u00e8ce, ces pr\u00e9dateurs r\u00e9gulent les populations. C&rsquo;est l&rsquo;homme qui a fait dispara\u00eetre les \u00e9crevisses en de nombreux endroits. Destruction de l&rsquo;habitat Fig. 1: Un ruisseau du Plateau avec des &hellip; <a href=\"https:\/\/www.kfks.ch\/fr\/cause-de-la-menace\/\" class=\"more-link\">Continue reading<span class=\"screen-reader-text\"> \u00ab\u00a0Causes de la menace\u00a0\u00bb<\/span><\/a><\/p>\n","protected":false},"author":1,"featured_media":0,"parent":0,"menu_order":15,"comment_status":"closed","ping_status":"closed","template":"","meta":{"_acf_changed":false,"footnotes":""},"class_list":["post-398","page","type-page","status-publish","hentry"],"acf":[],"_links":{"self":[{"href":"https:\/\/www.kfks.ch\/fr\/wp-json\/wp\/v2\/pages\/398","targetHints":{"allow":["GET"]}}],"collection":[{"href":"https:\/\/www.kfks.ch\/fr\/wp-json\/wp\/v2\/pages"}],"about":[{"href":"https:\/\/www.kfks.ch\/fr\/wp-json\/wp\/v2\/types\/page"}],"author":[{"embeddable":true,"href":"https:\/\/www.kfks.ch\/fr\/wp-json\/wp\/v2\/users\/1"}],"replies":[{"embeddable":true,"href":"https:\/\/www.kfks.ch\/fr\/wp-json\/wp\/v2\/comments?post=398"}],"version-history":[{"count":132,"href":"https:\/\/www.kfks.ch\/fr\/wp-json\/wp\/v2\/pages\/398\/revisions"}],"predecessor-version":[{"id":5819,"href":"https:\/\/www.kfks.ch\/fr\/wp-json\/wp\/v2\/pages\/398\/revisions\/5819"}],"wp:attachment":[{"href":"https:\/\/www.kfks.ch\/fr\/wp-json\/wp\/v2\/media?parent=398"}],"curies":[{"name":"wp","href":"https:\/\/api.w.org\/{rel}","templated":true}]}}