{"id":390,"date":"2023-11-17T08:17:38","date_gmt":"2023-11-17T07:17:38","guid":{"rendered":"https:\/\/flusskrebse.nextron.org\/artbestimmung\/"},"modified":"2024-08-08T22:43:44","modified_gmt":"2024-08-08T20:43:44","slug":"identification-de-lespece","status":"publish","type":"page","link":"https:\/\/www.kfks.ch\/fr\/identification-de-lespece\/","title":{"rendered":"Identification des esp\u00e8ces"},"content":{"rendered":"<div id=\"pl-390\"  class=\"panel-layout\" ><div id=\"pg-390-0\"  class=\"panel-grid panel-no-style\" ><div id=\"pgc-390-0-0\"  class=\"panel-grid-cell\" >\r\n\r\n<div class=\"desktop-max-width \">\r\n<h1>Identification des esp\u00e8ces<\/h1>\r\n<p>Il n'est pas toujours facile d'identifier clairement les \u00e9crevisses. Il est tr\u00e8s facile de se laisser induire en erreur par la couleur, les attentes personnelles ou la constatation d'une caract\u00e9ristique. M\u00eame les animaux d'une m\u00eame population peuvent \u00eatre tr\u00e8s diff\u00e9rents en termes de couleur. Il est \u00e9galement parfois plus difficile d'identifier les jeunes animaux.<\/p>\n<\/div>\r\n\r\n\r\n\r\n<div class=\"desktop-max-width \">\r\n\r\n<h3><br \/>\nCaract\u00e9ristiques de d\u00e9termination<\/h3>\n\n<p>L'ecaille antennaire \u00e0 la base des antennes (bleue) est utilis\u00e9e pour distinguer l'\u00e9crevisse \u00e0 pattes blanches et l'\u00e9crevisse des torrents (fig. 1). Juste derri\u00e8re les yeux se trouvent les cr\u00eates postorbitales (rouge). Les sillons dorsaux (jaunes) ne se touchent que chez l'\u00e9crevisse rouge de Louisiane. L'\u00e9crevisse am\u00e9ricaine pr\u00e9sente des bandes transversales sombres sur l'abdomen (rose). Certaines \u00e9crevisses \u00e0 pattes blanches pr\u00e9sentent \u00e9galement des bandes transversales, mais elles ne poss\u00e8dent qu'une faible \u00e9pine lat\u00e9rale sur le sillon cervical (vert). Chez l'\u00e9crevisse \u00e0 pattes rouges, les membranes jointures des pinces (blanches) sont de couleur rouge.<\/p>\n\n<p>&nbsp;<\/p>\n<\/div>\r\n\r\n<div class=\"imagebox align-center desktop-max-width\">\r\n<div class=\"imgboxinr\">\r\n        \r\n            <img decoding=\"async\" src=\"https:\/\/www.kfks.ch\/wp-content\/uploads\/2024\/08\/Flusskrebs-von-oben-linie-weiss-mit-Bestimmungsmerkmale_FR.png\" alt=\"\" class=\"responsive-image\">\r\n\t\t    \r\n        <div class=\"image-legend\"style=\"padding-top:8px\"><p>Fig. 1: Caract\u00e9ristiques importantes pour la d\u00e9termination des esp\u00e8ces d'\u00e9crevisses connues en Suisse.<\/p><\/div>\r\n    \r\n<\/div>\r\n<\/div>\r\n\r\n\r\n<div class=\"desktop-max-width \">\r\n\r\n<h3><br \/>\nAide \u00e0 la d\u00e9termination<\/h3>\n\n<p>Le canton d'Argovie a publi\u00e9, en collaboration avec les cantons de B\u00e2le-Campagne, B\u00e2le-Ville et Soleure, un d\u00e9pliant sur les \u00e9crevisses du nord-ouest de la Suisse, qui comprend \u00e9galement une cl\u00e9 de d\u00e9termination.<\/p>\n\n<p>&nbsp;<\/p>\n<\/div>\r\n\r\n<div id=\"panel-390-0-0-4\" class=\"so-panel widget widget_sow-button\" data-index=\"4\" ><div\n\t\t\t\n\t\t\tclass=\"so-widget-sow-button so-widget-sow-button-flat-8e6bfe378976-390\"\n\t\t\t\n\t\t><div class=\"ow-button-base ow-button-align-center\"\n>\n\t\t\t<a\n\t\t\t\t\thref=\"https:\/\/www.aue.bs.ch\/dam\/jcr:bddea273-2426-41f7-9e47-62c6f8c836ec\/Flyer-Krebse-Nordwestschweiz-2017.pdf\"\n\t\t\t\t\tclass=\"sowb-button ow-icon-placement-left ow-button-hover\" download=\"\" \t>\n\t\t<span>\n\t\t\t\n\t\t\tD\u00e9pliant avec cl\u00e9 de d\u00e9termination en allemand (2.0MB)\t\t<\/span>\n\t\t\t<\/a>\n\t<\/div>\n<\/div><\/div>\r\n\r\n<div class=\"desktop-max-width \">\r\n\r\n<p>&nbsp;<\/p>\n\n<p>Une bonne cl\u00e9 de d\u00e9termination en ligne, qui peut \u00e9galement \u00eatre utilis\u00e9e avec un smartphone, est mise \u00e0 disposition par le centre de recherche sur la p\u00eache BW du centre agricole du Bade-Wurtemberg.<\/p>\n\n<p>&nbsp;<\/p>\n<\/div>\r\n\r\n<div class=\"imagebox align-center desktop-max-width\">\r\n<div class=\"imgboxinr\">\r\n        \r\n        <a href=\"https:\/\/www.lazbw-ffs-krebse.de\/home.html\" target=\"_blank\">    <img decoding=\"async\" src=\"https:\/\/www.kfks.ch\/wp-content\/uploads\/2023\/12\/bestimmunglazbw.jpg\" alt=\"\" class=\"responsive-image\">\r\n\t<\/a>\t    \r\n    \r\n<\/div>\r\n<\/div>\r\n\r\n\r\n<div class=\"desktop-max-width \">\r\n\r\n<p><br \/>\n&nbsp;<\/p>\n<\/div>\r\n\r\n<div id=\"panel-390-0-0-8\" class=\"so-panel widget widget_sow-button\" data-index=\"8\" ><div\n\t\t\t\n\t\t\tclass=\"so-widget-sow-button so-widget-sow-button-flat-8e6bfe378976-390\"\n\t\t\t\n\t\t><div class=\"ow-button-base ow-button-align-center\"\n>\n\t\t\t<a\n\t\t\t\t\thref=\"https:\/\/www.lazbw-ffs-krebse.de\/home.html\"\n\t\t\t\t\tclass=\"sowb-button ow-icon-placement-left ow-button-hover\" target=\"_blank\" rel=\"noopener noreferrer\" \t>\n\t\t<span>\n\t\t\t\n\t\t\tCl\u00e9 de d\u00e9termination en ligne\t\t<\/span>\n\t\t\t<\/a>\n\t<\/div>\n<\/div><\/div>\r\n\r\n<div class=\"desktop-max-width \">\r\n\r\n<p>\u00a0<\/p>\n\n<p>\u00a0<\/p>\n\n<p>\u00a0<\/p>\n<\/div>\r\n\r\n<\/div><\/div><\/div>","protected":false},"excerpt":{"rendered":"<p>Identification des esp\u00e8ces Il n&rsquo;est pas toujours facile d&rsquo;identifier clairement les \u00e9crevisses. Il est tr\u00e8s facile de se laisser induire en erreur par la couleur, les attentes personnelles ou la constatation d&rsquo;une caract\u00e9ristique. M\u00eame les animaux d&rsquo;une m\u00eame population peuvent \u00eatre tr\u00e8s diff\u00e9rents en termes de couleur. Il est \u00e9galement parfois plus difficile d&rsquo;identifier les &hellip; <a href=\"https:\/\/www.kfks.ch\/fr\/identification-de-lespece\/\" class=\"more-link\">Continue reading<span class=\"screen-reader-text\"> \u00ab\u00a0Identification des esp\u00e8ces\u00a0\u00bb<\/span><\/a><\/p>\n","protected":false},"author":1,"featured_media":0,"parent":0,"menu_order":2,"comment_status":"closed","ping_status":"closed","template":"","meta":{"_acf_changed":false,"footnotes":""},"class_list":["post-390","page","type-page","status-publish","hentry"],"acf":[],"_links":{"self":[{"href":"https:\/\/www.kfks.ch\/fr\/wp-json\/wp\/v2\/pages\/390","targetHints":{"allow":["GET"]}}],"collection":[{"href":"https:\/\/www.kfks.ch\/fr\/wp-json\/wp\/v2\/pages"}],"about":[{"href":"https:\/\/www.kfks.ch\/fr\/wp-json\/wp\/v2\/types\/page"}],"author":[{"embeddable":true,"href":"https:\/\/www.kfks.ch\/fr\/wp-json\/wp\/v2\/users\/1"}],"replies":[{"embeddable":true,"href":"https:\/\/www.kfks.ch\/fr\/wp-json\/wp\/v2\/comments?post=390"}],"version-history":[{"count":220,"href":"https:\/\/www.kfks.ch\/fr\/wp-json\/wp\/v2\/pages\/390\/revisions"}],"predecessor-version":[{"id":5921,"href":"https:\/\/www.kfks.ch\/fr\/wp-json\/wp\/v2\/pages\/390\/revisions\/5921"}],"wp:attachment":[{"href":"https:\/\/www.kfks.ch\/fr\/wp-json\/wp\/v2\/media?parent=390"}],"curies":[{"name":"wp","href":"https:\/\/api.w.org\/{rel}","templated":true}]}}