{"id":380,"date":"2023-08-01T12:00:38","date_gmt":"2023-08-01T12:00:38","guid":{"rendered":"https:\/\/flusskrebse.nextron.org\/faq\/"},"modified":"2023-08-01T12:00:38","modified_gmt":"2023-08-01T12:00:38","slug":"faq","status":"publish","type":"page","link":"https:\/\/www.kfks.ch\/fr\/faq\/","title":{"rendered":"FAQ"},"content":{"rendered":"<div id=\"pl-380\"  class=\"panel-layout\" ><div id=\"pg-380-0\"  class=\"panel-grid panel-no-style\" ><div id=\"pgc-380-0-0\"  class=\"panel-grid-cell\" >\r\n<h1>FAQ<\/h1>\r\n<div class=\"accordion\">\r\n    <div class=\"accordion-set faqset_wrapper\">\r\n\t\t    <div class=\"accordion-tab desktop-max-width\" data-status=\"closed\" id=\"q1\">\r\n        <h4><a href=\"https:\/\/www.kfks.ch\/fr\/faq\/quest-ce-quun-espece-cle\/\">Qu&rsquo;est-ce qu&rsquo;un esp\u00e8ce cl\u00e9<\/a><\/h4>\r\n    <\/div>\r\n    \r\n            <div class=\"accordion-tab desktop-max-width\" data-status=\"closed\" id=\"q2\">\r\n        <h4><a href=\"https:\/\/www.kfks.ch\/fr\/faq\/peut-on-importer-des-ecrevisses-en-suisse\/\">Peut-on importer des \u00e9crevisses en Suisse ?<\/a><\/h4>\r\n    <\/div>\r\n    \r\n            <div class=\"accordion-tab desktop-max-width\" data-status=\"closed\" id=\"q3\">\r\n        <h4><a href=\"https:\/\/www.kfks.ch\/fr\/faq\/peut-on-tuer-les-ecrevisses-dans-leau-bouillante\/\">Peut-on tuer les \u00e9crevisses dans l&rsquo;eau bouillante ?<\/a><\/h4>\r\n    <\/div>\r\n    \r\n            <div class=\"accordion-tab desktop-max-width\" data-status=\"closed\" id=\"q4\">\r\n        <h4><a href=\"https:\/\/www.kfks.ch\/fr\/faq\/a-quoi-dois-je-faire-attention-si-je-veux-stocker-des-ecrevisses-a-des-fins-professionnelles-et-gastronomiques\/\">A quoi dois-je faire attention si je veux stocker des \u00e9crevisses \u00e0 des fins professionnelles et gastronomiques ?<\/a><\/h4>\r\n    <\/div>\r\n    \r\n            <div class=\"accordion-tab desktop-max-width\" data-status=\"closed\" id=\"q5\">\r\n        <h4><a href=\"https:\/\/www.kfks.ch\/fr\/faq\/les-ecrevisses-sont-elles-dangereuses\/\">Les \u00e9crevisses sont-elles dangereuses ?<\/a><\/h4>\r\n    <\/div>\r\n    \r\n            <div class=\"accordion-tab desktop-max-width\" data-status=\"closed\" id=\"q6\">\r\n        <h4><a href=\"https:\/\/www.kfks.ch\/fr\/faq\/pourquoi-les-ecrevisses-invasives-ne-sont-elles-pas-capturees-et-commercialisees-a-grande-echelle\/\">Pourquoi les \u00e9crevisses invasives ne sont-elles pas captur\u00e9es et commercialis\u00e9es \u00e0 grande \u00e9chelle ?<\/a><\/h4>\r\n    <\/div>\r\n    \r\n            <div class=\"accordion-tab desktop-max-width\" data-status=\"closed\" id=\"q7\">\r\n        <h4><a href=\"https:\/\/www.kfks.ch\/fr\/faq\/la-peste-des-ecrevisses-est-elle-dangereuse-pour-lhomme\/\">La peste des \u00e9crevisses est-elle dangereuse pour l&rsquo;homme ?<\/a><\/h4>\r\n    <\/div>\r\n    \r\n            <div class=\"accordion-tab desktop-max-width\" data-status=\"closed\" id=\"q8\">\r\n        <h4><a href=\"https:\/\/www.kfks.ch\/fr\/faq\/puis-je-maintenir-des-ecrevisses-dans-mon-etang-de-jardin\/\">Puis-je maintenir des \u00e9crevisses dans mon \u00e9tang de jardin ?<\/a><\/h4>\r\n    <\/div>\r\n    \r\n            <div class=\"accordion-tab desktop-max-width\" data-status=\"closed\" id=\"q9\">\r\n        <h4><a href=\"https:\/\/www.kfks.ch\/fr\/faq\/peut-on-pecher-des-ecrevisses\/\">Peut-on p\u00eacher des \u00e9crevisses ?<\/a><\/h4>\r\n    <\/div>\r\n    \r\n            <div class=\"accordion-tab desktop-max-width\" data-status=\"closed\" id=\"q10\">\r\n        <h4><a href=\"https:\/\/www.kfks.ch\/fr\/faq\/que-faire-si-jai-trouve-une-ecrevisse\/\">Que faire si j&rsquo;ai trouv\u00e9 une \u00e9crevisse ?<\/a><\/h4>\r\n    <\/div>\r\n    \r\n        \r\n    <\/div>\r\n<\/div>\r\n<script>\r\njQuery(document).ready(function($) {\r\n    jQuery('.faqset_wrapper .accordion-tab h4 a').click(function(){\r\n\t\tvar faqurl = jQuery(this).attr('href');\r\n\t\twindow.location=faqurl;\r\n\t})\r\n});\r\n<\/script>\r\n\r\n\r\n<\/div><\/div><\/div>","protected":false},"excerpt":{"rendered":"<p>FAQ Qu&rsquo;est-ce qu&rsquo;un esp\u00e8ce cl\u00e9 Peut-on importer des \u00e9crevisses en Suisse ? Peut-on tuer les \u00e9crevisses dans l&rsquo;eau bouillante ? A quoi dois-je faire attention si je veux stocker des \u00e9crevisses \u00e0 des fins professionnelles et gastronomiques ? Les \u00e9crevisses sont-elles dangereuses ? Pourquoi les \u00e9crevisses invasives ne sont-elles pas captur\u00e9es et commercialis\u00e9es \u00e0 grande &hellip; <a href=\"https:\/\/www.kfks.ch\/fr\/faq\/\" class=\"more-link\">Continue reading<span class=\"screen-reader-text\"> \u00ab\u00a0FAQ\u00a0\u00bb<\/span><\/a><\/p>\n","protected":false},"author":1,"featured_media":0,"parent":0,"menu_order":7,"comment_status":"closed","ping_status":"closed","template":"","meta":{"_acf_changed":false,"footnotes":""},"class_list":["post-380","page","type-page","status-publish","hentry"],"acf":[],"_links":{"self":[{"href":"https:\/\/www.kfks.ch\/fr\/wp-json\/wp\/v2\/pages\/380","targetHints":{"allow":["GET"]}}],"collection":[{"href":"https:\/\/www.kfks.ch\/fr\/wp-json\/wp\/v2\/pages"}],"about":[{"href":"https:\/\/www.kfks.ch\/fr\/wp-json\/wp\/v2\/types\/page"}],"author":[{"embeddable":true,"href":"https:\/\/www.kfks.ch\/fr\/wp-json\/wp\/v2\/users\/1"}],"replies":[{"embeddable":true,"href":"https:\/\/www.kfks.ch\/fr\/wp-json\/wp\/v2\/comments?post=380"}],"version-history":[{"count":0,"href":"https:\/\/www.kfks.ch\/fr\/wp-json\/wp\/v2\/pages\/380\/revisions"}],"wp:attachment":[{"href":"https:\/\/www.kfks.ch\/fr\/wp-json\/wp\/v2\/media?parent=380"}],"curies":[{"name":"wp","href":"https:\/\/api.w.org\/{rel}","templated":true}]}}